{"id":3907,"date":"2013-02-24T02:51:37","date_gmt":"2013-02-23T23:51:37","guid":{"rendered":"http:\/\/kariyeryolculugu.com\/blog\/?page_id=3907"},"modified":"2019-10-16T00:32:26","modified_gmt":"2019-10-15T21:32:26","slug":"yazar-beyaz-yakali-girisimci-girisimci-hayata-yumusak-gecis","status":"publish","type":"page","link":"https:\/\/kariyeryolculugu.com\/blog\/yazar-beyaz-yakali-girisimci-girisimci-hayata-yumusak-gecis\/","title":{"rendered":"Beyaz Yakal\u0131 Giri\u015fimci"},"content":{"rendered":"<blockquote>\n<p style=\"text-align: left;\"><a href=\"http:\/\/www.idefix.com\/Kitap\/Beyaz-Yakali-Girisimci\/Fatmanur-Erdogan\/Egitim-Basvuru\/Is-Ekonomi-Hukuk\/Yonetim-Is-Gelistirme-Kalite\/urunno=0000000433063\"><img loading=\"lazy\" decoding=\"async\" class=\"wp-image-3909 alignleft\" style=\"border: 1px solid black;\" title=\"Beyaz Yakali Girisimci_Kapak\" src=\"http:\/\/kariyeryolculugu.com\/blog\/wp-content\/uploads\/2013\/02\/Beyaz-Yakali-Girisimci_Kapak-666x1024.jpg\" alt=\"\" width=\"216\" height=\"332\" \/><\/a><\/p>\n<\/blockquote>\n<p>Kitab\u0131n sesli halini<a href=\"https:\/\/seslenenkitap.com\/Kitap\/9\/Beyaz-Yakali-Girisimci\"> Seslenen Kitap&#8217;tan<\/a> dinleyebilirsiniz.<\/p>\n<h5><strong><a href=\"https:\/\/fatierdogan.com\/communications-strategy-development\/\">Discover the Missing Ingredients to a fulfilling work and life<\/a>.<\/strong><\/h5>\n<p>Okuyun\u00a0<strong><a href=\"http:\/\/www.idefix.com\/Kitap\/Beyaz-Yakali-Girisimci\/Fatmanur-Erdogan\/Egitim-Basvuru\/Is-Ekonomi-Hukuk\/Yonetim-Is-Gelistirme-Kalite\/urunno=0000000433063\">Beyaz Yakal\u0131 Giri\u015fimci<\/a><\/strong><\/p>\n<p>Sat\u0131n Al\u0131n\u00a0<strong><a href=\"https:\/\/www.amazon.com\/Beyaz-Yakal-x131-Giri-x15F\/dp\/6054538772\">Amazon.com<\/a><\/strong><\/p>\n<p>Dinleyin\u00a0<strong><a href=\"http:\/\/www.seslenenkitap.com\/Urun\/9\/Beyaz-Yakali-Girisimci\">Seslenen Kitap<\/a><\/strong><\/p>\n","protected":false},"excerpt":{"rendered":"<p>Kitab\u0131n sesli halini Seslenen Kitap&#8217;tan dinleyebilirsiniz. Discover the Missing Ingredients to a fulfilling work and life. Okuyun\u00a0Beyaz Yakal\u0131 Giri\u015fimci Sat\u0131n Al\u0131n\u00a0Amazon.com Dinleyin\u00a0Seslenen Kitap<\/p>\n","protected":false},"author":1,"featured_media":0,"parent":0,"menu_order":0,"comment_status":"open","ping_status":"closed","template":"","meta":{"_exactmetrics_skip_tracking":false,"_exactmetrics_sitenote_active":false,"_exactmetrics_sitenote_note":"","_exactmetrics_sitenote_category":0,"_s2mail":"yes","footnotes":""},"_links":{"self":[{"href":"https:\/\/kariyeryolculugu.com\/blog\/wp-json\/wp\/v2\/pages\/3907"}],"collection":[{"href":"https:\/\/kariyeryolculugu.com\/blog\/wp-json\/wp\/v2\/pages"}],"about":[{"href":"https:\/\/kariyeryolculugu.com\/blog\/wp-json\/wp\/v2\/types\/page"}],"author":[{"embeddable":true,"href":"https:\/\/kariyeryolculugu.com\/blog\/wp-json\/wp\/v2\/users\/1"}],"replies":[{"embeddable":true,"href":"https:\/\/kariyeryolculugu.com\/blog\/wp-json\/wp\/v2\/comments?post=3907"}],"version-history":[{"count":6,"href":"https:\/\/kariyeryolculugu.com\/blog\/wp-json\/wp\/v2\/pages\/3907\/revisions"}],"predecessor-version":[{"id":5771,"href":"https:\/\/kariyeryolculugu.com\/blog\/wp-json\/wp\/v2\/pages\/3907\/revisions\/5771"}],"wp:attachment":[{"href":"https:\/\/kariyeryolculugu.com\/blog\/wp-json\/wp\/v2\/media?parent=3907"}],"curies":[{"name":"wp","href":"https:\/\/api.w.org\/{rel}","templated":true}]}}