{"id":5427,"date":"2018-09-21T10:00:55","date_gmt":"2018-09-21T07:00:55","guid":{"rendered":"https:\/\/kariyeryolculugu.com\/blog\/?page_id=5427"},"modified":"2019-04-18T09:37:15","modified_gmt":"2019-04-18T06:37:15","slug":"kariyer-danismanligi","status":"publish","type":"page","link":"https:\/\/kariyeryolculugu.com\/blog\/kariyer-danismanligi\/","title":{"rendered":"DANI\u015eMANLIK"},"content":{"rendered":"<h2><a href=\"https:\/\/fatierdogan.com\/contact\/\"><span style=\"font-size: 18pt;\"><strong><span style=\"color: #ff0000;\">Fatmanur Erdogan ile Kariyer Yolculu\u011fu<\/span><\/strong><\/span><\/a><\/h2>\n<p><span style=\"font-size: 14pt;\">\u00c7al\u0131\u015ft\u0131\u011f\u0131n\u0131z \u015firketten, i\u015finizden, \u00e7al\u0131\u015fma ortam\u0131ndan, ald\u0131\u011f\u0131n\u0131z \u00fccretten art\u0131k memnun de\u011filseniz,<\/span><\/p>\n<p><span style=\"font-size: 14pt;\">Yeni bir pozisyona getirildi\u011finizde, belirsizliklerle ba\u015fa \u00e7\u0131kmakta, ekibinizi y\u00f6netmekte zorluk ya\u015f\u0131yorsan\u0131z,<\/span><\/p>\n<p><span style=\"font-size: 14pt;\">Yurt d\u0131\u015f\u0131ndan T\u00fcrkiye&#8217;ye ge\u00e7i\u015f yapmay\u0131 planl\u0131yorsan\u0131z, T\u00fcrkiye&#8217;de \u00e7ok g\u00f6rd\u00fc\u011f\u00fcm\u00fcz &#8220;\u00fcnvan verilip \u00e7ok d\u00fc\u015f\u00fck \u00fccretlerle&#8221; i\u015fe ba\u015flat\u0131lanlardan olmak istemiyorsan\u0131z,<\/span><\/p>\n<p><span style=\"font-size: 14pt;\">T\u00fcrkiye&#8217;den yurt d\u0131\u015f\u0131na \u00e7\u0131kmak, ABD, Singapur, Norve\u00e7, \u0130ngiltere, Almanya gibi \u00fclkelerde \u00e7al\u0131\u015fmak istiyorsan\u0131z,<\/span><\/p>\n<p><span style=\"font-size: 14pt;\">\u0130\u015f m\u00fclakatlar\u0131n\u0131z ba\u015far\u0131s\u0131z ge\u00e7iyorsa,<\/span><\/p>\n<p><span style=\"font-size: 14pt;\">\u0130\u015f g\u00f6r\u00fc\u015fmelerine gidiyor ama m\u00fclakatlarda kendinizi yeterince ifade edemiyorsan\u0131z,<\/span><\/p>\n<p><span style=\"font-size: 14pt;\">CV haz\u0131rlama konusunda yard\u0131ma ihtiyac\u0131n\u0131z varsa,<\/span><\/p>\n<p><span style=\"font-size: 14pt;\">\u0130\u015f \u00e7evresindeki de\u011fi\u015fim ve belirsizliklerle m\u00fccadele etme stratejilerine ihtiya\u00e7 duyuyorsan\u0131z,<\/span><\/p>\n<p><span style=\"font-size: 14pt;\">Genel olarak kariyerinizden ve mesle\u011finizden tatminsizlik ve mutsuzluk hali s\u00f6z konusuysa,<\/span><\/p>\n<p><span style=\"font-size: 14pt;\"><strong><a href=\"http:\/\/www.fatierdogan.com\">20 y\u0131l\u0131 a\u015fk\u0131n bir s\u00fcredir d\u00fcnyan\u0131n d\u00f6rt bir yan\u0131nda \u00e7al\u0131\u015fm\u0131\u015f deneyimli bir \u00fcst d\u00fczey y\u00f6netici ve psikolojik dan\u0131\u015fmandan destek almak isteyebilirsiniz.<\/a><\/strong><\/span><\/p>\n<p><span style=\"font-size: 14pt;\">Kariyer dan\u0131\u015fmanl\u0131k s\u00fcreci becerilerinizin, ilgi alanlar\u0131n\u0131z\u0131n, e\u011filimlerinizin, karakter g\u00fc\u00e7lerinizin ve ihtiya\u00e7lar\u0131n\u0131z\u0131n belirlenmesi ile ba\u015flar.<\/span><\/p>\n<p><span style=\"font-size: 14pt;\">University of Penn pozitif psikoloji alan\u0131nda \u00e7al\u0131\u015fan bilim insanlar\u0131 taraf\u0131ndan geli\u015ftirilen <strong><a href=\"http:\/\/ippa.pro.viasurvey.org\">Karakter G\u00fc\u00e7leri envanteri<\/a> <\/strong>yap\u0131l\u0131r.<\/span><\/p>\n<p><span style=\"font-size: 14pt;\">\u0130\u00e7inde bulundu\u011funuz durum, \u015fartlar, ekonomik ko\u015fullar ve di\u011fer de\u011fi\u015fkenler g\u00f6z \u00f6n\u00fcnde bulundurularak dan\u0131\u015fmanla birlikte bir eylem plan\u0131 olu\u015fturulur.<\/span><\/p>\n<p><a href=\"https:\/\/www.ippaworld.com\/bireysel\/\">Daha fazla bilgi i\u00e7in<\/a><\/p>\n<p>fati at fatierdogan.com<\/p>\n","protected":false},"excerpt":{"rendered":"<p>kariyeryolculugu.com | Fatmanur Erdogan ile Kariyer Dan\u0131\u015fmanl\u0131\u011f\u0131<\/p>\n","protected":false},"author":1,"featured_media":5426,"parent":0,"menu_order":0,"comment_status":"closed","ping_status":"closed","template":"","meta":{"_exactmetrics_skip_tracking":false,"_exactmetrics_sitenote_active":false,"_exactmetrics_sitenote_note":"","_exactmetrics_sitenote_category":0,"_s2mail":"","footnotes":""},"_links":{"self":[{"href":"https:\/\/kariyeryolculugu.com\/blog\/wp-json\/wp\/v2\/pages\/5427"}],"collection":[{"href":"https:\/\/kariyeryolculugu.com\/blog\/wp-json\/wp\/v2\/pages"}],"about":[{"href":"https:\/\/kariyeryolculugu.com\/blog\/wp-json\/wp\/v2\/types\/page"}],"author":[{"embeddable":true,"href":"https:\/\/kariyeryolculugu.com\/blog\/wp-json\/wp\/v2\/users\/1"}],"replies":[{"embeddable":true,"href":"https:\/\/kariyeryolculugu.com\/blog\/wp-json\/wp\/v2\/comments?post=5427"}],"version-history":[{"count":16,"href":"https:\/\/kariyeryolculugu.com\/blog\/wp-json\/wp\/v2\/pages\/5427\/revisions"}],"predecessor-version":[{"id":5683,"href":"https:\/\/kariyeryolculugu.com\/blog\/wp-json\/wp\/v2\/pages\/5427\/revisions\/5683"}],"wp:featuredmedia":[{"embeddable":true,"href":"https:\/\/kariyeryolculugu.com\/blog\/wp-json\/wp\/v2\/media\/5426"}],"wp:attachment":[{"href":"https:\/\/kariyeryolculugu.com\/blog\/wp-json\/wp\/v2\/media?parent=5427"}],"curies":[{"name":"wp","href":"https:\/\/api.w.org\/{rel}","templated":true}]}}